{"id":1044,"date":"2026-03-17T11:55:42","date_gmt":"2026-03-17T11:55:42","guid":{"rendered":"https:\/\/miedzywezlami.pl\/?post_type=product&#038;p=1044"},"modified":"2026-03-17T11:55:42","modified_gmt":"2026-03-17T11:55:42","slug":"perski-dywan-welniany-141x105-cm-recznie-tkany-hamadan-iran-002","status":"publish","type":"product","link":"https:\/\/miedzywezlami.pl\/?product=perski-dywan-welniany-141x105-cm-recznie-tkany-hamadan-iran-002","title":{"rendered":"Perski Dywan We\u0142niany 141&#215;105 cm \u2013 R\u0119cznie Tkany Hamadan | Iran #002"},"content":{"rendered":"<p>Na sprzeda\u017c oferuj\u0119 autentyczny, r\u0119cznie tkany dywan perski pochodz\u0105cy z regionu Hamadan (p\u00f3\u0142nocno-zachodni Iran). Dywan charakteryzuje si\u0119 pi\u0119kn\u0105, nasycon\u0105 kolorystyk\u0105 (r\u00f3\u017c, b\u0142\u0119kit indygo, ziele\u0144) oraz tradycyjnym, geometrycznym wzornictwem z centralnym medalionem.<\/p>\n<p>Najwa\u017cniejsze informacje:<br \/>\nWymiary: 141 cm x 105 cm.<br \/>\nMateria\u0142: 100% wysokogatunkowa we\u0142na (runo) na osnowie bawe\u0142nianej.<br \/>\nPochodzenie: Iran, region Hamadan \/ Koliai.<br \/>\nWz\u00f3r: Geometryczny medalion Toranj z motywami ro\u015blinnymi i stylizowanymi ptakami w naro\u017cnikach pola.<br \/>\nWykonanie: W pe\u0142ni r\u0119czna robota (widoczna struktura w\u0119z\u0142\u00f3w na do\u0142\u0105czonym zdj\u0119ciu spodu).<br \/>\nStan: Dywan jest czysty, zachowany w bardzo dobrym stanie. We\u0142na jest spr\u0119\u017cysta i posiada naturalny po\u0142ysk. Solidne wi\u0105zanie gwarantuje, \u017ce pos\u0142u\u017cy jeszcze przez wiele dziesi\u0119cioleci.<\/p>\n<p>Wysy\u0142ka kurier DPD gratis przelew lub pobranie.<\/p>\n","protected":false},"excerpt":{"rendered":"<p>Na sprzeda\u017c oferuj\u0119 autentyczny, r\u0119cznie tkany dywan perski pochodz\u0105cy z regionu Hamadan (p\u00f3\u0142nocno-zachodni Iran). Dywan charakteryzuje si\u0119 pi\u0119kn\u0105, nasycon\u0105 kolorystyk\u0105 [&hellip;]<\/p>\n","protected":false},"featured_media":1045,"template":"","meta":{"site-sidebar-layout":"default","site-content-layout":"","ast-site-content-layout":"default","site-content-style":"default","site-sidebar-style":"default","ast-global-header-display":"","ast-banner-title-visibility":"","ast-main-header-display":"","ast-hfb-above-header-display":"","ast-hfb-below-header-display":"","ast-hfb-mobile-header-display":"","site-post-title":"","ast-breadcrumbs-content":"","ast-featured-img":"","footer-sml-layout":"","ast-disable-related-posts":"","theme-transparent-header-meta":"default","adv-header-id-meta":"","stick-header-meta":"","header-above-stick-meta":"","header-main-stick-meta":"","header-below-stick-meta":"","astra-migrate-meta-layouts":"set","ast-page-background-enabled":"default","ast-page-background-meta":{"desktop":{"background-color":"var(--ast-global-color-5)","background-image":"","background-repeat":"repeat","background-position":"center center","background-size":"auto","background-attachment":"scroll","background-type":"","background-media":"","overlay-type":"","overlay-color":"","overlay-opacity":"","overlay-gradient":""},"tablet":{"background-color":"","background-image":"","background-repeat":"repeat","background-position":"center center","background-size":"auto","background-attachment":"scroll","background-type":"","background-media":"","overlay-type":"","overlay-color":"","overlay-opacity":"","overlay-gradient":""},"mobile":{"background-color":"","background-image":"","background-repeat":"repeat","background-position":"center center","background-size":"auto","background-attachment":"scroll","background-type":"","background-media":"","overlay-type":"","overlay-color":"","overlay-opacity":"","overlay-gradient":""}},"ast-content-background-meta":{"desktop":{"background-color":"var(--ast-global-color-4)","background-image":"","background-repeat":"repeat","background-position":"center center","background-size":"auto","background-attachment":"scroll","background-type":"","background-media":"","overlay-type":"","overlay-color":"","overlay-opacity":"","overlay-gradient":""},"tablet":{"background-color":"var(--ast-global-color-4)","background-image":"","background-repeat":"repeat","background-position":"center center","background-size":"auto","background-attachment":"scroll","background-type":"","background-media":"","overlay-type":"","overlay-color":"","overlay-opacity":"","overlay-gradient":""},"mobile":{"background-color":"var(--ast-global-color-4)","background-image":"","background-repeat":"repeat","background-position":"center center","background-size":"auto","background-attachment":"scroll","background-type":"","background-media":"","overlay-type":"","overlay-color":"","overlay-opacity":"","overlay-gradient":""}}},"product_brand":[],"product_cat":[20],"product_tag":[],"class_list":{"0":"post-1044","1":"product","2":"type-product","3":"status-publish","4":"has-post-thumbnail","6":"product_cat-male-dywany","7":"desktop-align-left","8":"tablet-align-left","9":"mobile-align-left","11":"first","12":"instock","13":"shipping-taxable","14":"purchasable","15":"product-type-simple"},"_links":{"self":[{"href":"https:\/\/miedzywezlami.pl\/index.php?rest_route=\/wp\/v2\/product\/1044","targetHints":{"allow":["GET"]}}],"collection":[{"href":"https:\/\/miedzywezlami.pl\/index.php?rest_route=\/wp\/v2\/product"}],"about":[{"href":"https:\/\/miedzywezlami.pl\/index.php?rest_route=\/wp\/v2\/types\/product"}],"wp:featuredmedia":[{"embeddable":true,"href":"https:\/\/miedzywezlami.pl\/index.php?rest_route=\/wp\/v2\/media\/1045"}],"wp:attachment":[{"href":"https:\/\/miedzywezlami.pl\/index.php?rest_route=%2Fwp%2Fv2%2Fmedia&parent=1044"}],"wp:term":[{"taxonomy":"product_brand","embeddable":true,"href":"https:\/\/miedzywezlami.pl\/index.php?rest_route=%2Fwp%2Fv2%2Fproduct_brand&post=1044"},{"taxonomy":"product_cat","embeddable":true,"href":"https:\/\/miedzywezlami.pl\/index.php?rest_route=%2Fwp%2Fv2%2Fproduct_cat&post=1044"},{"taxonomy":"product_tag","embeddable":true,"href":"https:\/\/miedzywezlami.pl\/index.php?rest_route=%2Fwp%2Fv2%2Fproduct_tag&post=1044"}],"curies":[{"name":"wp","href":"https:\/\/api.w.org\/{rel}","templated":true}]}}