{"id":1078,"date":"2026-03-17T12:06:18","date_gmt":"2026-03-17T12:06:18","guid":{"rendered":"https:\/\/miedzywezlami.pl\/?post_type=product&#038;p=1078"},"modified":"2026-03-17T12:06:18","modified_gmt":"2026-03-17T12:06:18","slug":"unikatowy-afganski-dywan-baluch-141x76-cm-drzewo-zycia-welna-107","status":"publish","type":"product","link":"https:\/\/miedzywezlami.pl\/?product=unikatowy-afganski-dywan-baluch-141x76-cm-drzewo-zycia-welna-107","title":{"rendered":"Unikatowy Afga\u0144ski Dywan BALUCH 141&#215;76 cm \u2013 Drzewo \u017bycia | We\u0142na #107"},"content":{"rendered":"<p>Sprzedam wyj\u0105tkowy, r\u0119cznie tkany dywan plemienny typu Baluch (Afganistan). Jest to dywan modlitewny o niezwykle bogatym i rzadkim wzornictwie \u2013 centralny motyw przedstawia &#8222;Drzewo \u017bycia&#8221; wyrastaj\u0105ce z wazonu, co nadaje mu unikalny, niemal obrazowy charakter.<\/p>\n<p>Atuty tego dywanu:<br \/>\nR\u0119kodzie\u0142o: 100% r\u0119cznie prz\u0119dzona we\u0142na owcza, wi\u0105zana tradycyjnymi metodami koczowniczych plemion.<br \/>\nPi\u0119kna kolorystyka: Po\u0142\u0105czenie ciep\u0142ego pomara\u0144czu, terakoty i granatu \u2013 idealnie ociepli ka\u017cde wn\u0119trze.<br \/>\nSymbolika: Motyw drzewa \u017cycia i wazonu to jedne z najpi\u0119kniejszych zdobie\u0144 w sztuce orientu.<br \/>\nWielofunkcyjno\u015b\u0107: Ze wzgl\u0119du na format (141&#215;76 cm) i unikalny wz\u00f3r, dywan \u015bwietnie sprawdzi si\u0119 nie tylko na pod\u0142odze, ale r\u00f3wnie\u017c jako dekoracyjna tkanina na \u015bcian\u0119 (kilim).<\/p>\n<p>Specyfikacja:<br \/>\nWymiary: 141 cm x 76 cm.<br \/>\nMateria\u0142: Czysta we\u0142na (runo i osnowa).<br \/>\nStan: Bardzo dobry, czysty, gotowy do wyeksponowania.<\/p>\n<p>Wysy\u0142ka kurier DPD gratis przelew lub pobranie.<\/p>\n","protected":false},"excerpt":{"rendered":"<p>Sprzedam wyj\u0105tkowy, r\u0119cznie tkany dywan plemienny typu Baluch (Afganistan). Jest to dywan modlitewny o niezwykle bogatym i rzadkim wzornictwie \u2013 [&hellip;]<\/p>\n","protected":false},"featured_media":1079,"template":"","meta":{"site-sidebar-layout":"default","site-content-layout":"","ast-site-content-layout":"default","site-content-style":"default","site-sidebar-style":"default","ast-global-header-display":"","ast-banner-title-visibility":"","ast-main-header-display":"","ast-hfb-above-header-display":"","ast-hfb-below-header-display":"","ast-hfb-mobile-header-display":"","site-post-title":"","ast-breadcrumbs-content":"","ast-featured-img":"","footer-sml-layout":"","ast-disable-related-posts":"","theme-transparent-header-meta":"default","adv-header-id-meta":"","stick-header-meta":"","header-above-stick-meta":"","header-main-stick-meta":"","header-below-stick-meta":"","astra-migrate-meta-layouts":"set","ast-page-background-enabled":"default","ast-page-background-meta":{"desktop":{"background-color":"var(--ast-global-color-5)","background-image":"","background-repeat":"repeat","background-position":"center center","background-size":"auto","background-attachment":"scroll","background-type":"","background-media":"","overlay-type":"","overlay-color":"","overlay-opacity":"","overlay-gradient":""},"tablet":{"background-color":"","background-image":"","background-repeat":"repeat","background-position":"center center","background-size":"auto","background-attachment":"scroll","background-type":"","background-media":"","overlay-type":"","overlay-color":"","overlay-opacity":"","overlay-gradient":""},"mobile":{"background-color":"","background-image":"","background-repeat":"repeat","background-position":"center center","background-size":"auto","background-attachment":"scroll","background-type":"","background-media":"","overlay-type":"","overlay-color":"","overlay-opacity":"","overlay-gradient":""}},"ast-content-background-meta":{"desktop":{"background-color":"var(--ast-global-color-4)","background-image":"","background-repeat":"repeat","background-position":"center center","background-size":"auto","background-attachment":"scroll","background-type":"","background-media":"","overlay-type":"","overlay-color":"","overlay-opacity":"","overlay-gradient":""},"tablet":{"background-color":"var(--ast-global-color-4)","background-image":"","background-repeat":"repeat","background-position":"center center","background-size":"auto","background-attachment":"scroll","background-type":"","background-media":"","overlay-type":"","overlay-color":"","overlay-opacity":"","overlay-gradient":""},"mobile":{"background-color":"var(--ast-global-color-4)","background-image":"","background-repeat":"repeat","background-position":"center center","background-size":"auto","background-attachment":"scroll","background-type":"","background-media":"","overlay-type":"","overlay-color":"","overlay-opacity":"","overlay-gradient":""}}},"product_brand":[],"product_cat":[20],"product_tag":[],"class_list":{"0":"post-1078","1":"product","2":"type-product","3":"status-publish","4":"has-post-thumbnail","6":"product_cat-male-dywany","7":"desktop-align-left","8":"tablet-align-left","9":"mobile-align-left","11":"first","12":"instock","13":"shipping-taxable","14":"purchasable","15":"product-type-simple"},"_links":{"self":[{"href":"https:\/\/miedzywezlami.pl\/index.php?rest_route=\/wp\/v2\/product\/1078","targetHints":{"allow":["GET"]}}],"collection":[{"href":"https:\/\/miedzywezlami.pl\/index.php?rest_route=\/wp\/v2\/product"}],"about":[{"href":"https:\/\/miedzywezlami.pl\/index.php?rest_route=\/wp\/v2\/types\/product"}],"wp:featuredmedia":[{"embeddable":true,"href":"https:\/\/miedzywezlami.pl\/index.php?rest_route=\/wp\/v2\/media\/1079"}],"wp:attachment":[{"href":"https:\/\/miedzywezlami.pl\/index.php?rest_route=%2Fwp%2Fv2%2Fmedia&parent=1078"}],"wp:term":[{"taxonomy":"product_brand","embeddable":true,"href":"https:\/\/miedzywezlami.pl\/index.php?rest_route=%2Fwp%2Fv2%2Fproduct_brand&post=1078"},{"taxonomy":"product_cat","embeddable":true,"href":"https:\/\/miedzywezlami.pl\/index.php?rest_route=%2Fwp%2Fv2%2Fproduct_cat&post=1078"},{"taxonomy":"product_tag","embeddable":true,"href":"https:\/\/miedzywezlami.pl\/index.php?rest_route=%2Fwp%2Fv2%2Fproduct_tag&post=1078"}],"curies":[{"name":"wp","href":"https:\/\/api.w.org\/{rel}","templated":true}]}}