{"id":1149,"date":"2026-03-25T20:34:40","date_gmt":"2026-03-25T20:34:40","guid":{"rendered":"https:\/\/miedzywezlami.pl\/?post_type=product&#038;p=1149"},"modified":"2026-03-25T20:34:40","modified_gmt":"2026-03-25T20:34:40","slug":"gigantyczny-350x250-100-welna-klasyczny-wzor-perski-123","status":"publish","type":"product","link":"https:\/\/miedzywezlami.pl\/?product=gigantyczny-350x250-100-welna-klasyczny-wzor-perski-123","title":{"rendered":"GIGANTYCZNY 350&#215;250 \u2013 100% WE\u0141NA \u2013 Klasyczny Wz\u00f3r Perski #123"},"content":{"rendered":"<p>Na sprzeda\u017c oferuj\u0119 monumentalny, luksusowy dywan o wymiarach 3,5 m x 2,5 m. To propozycja dla os\u00f3b szukaj\u0105cych najwy\u017cszej jako\u015bci naturalnych materia\u0142\u00f3w i ponadczasowej elegancji.<\/p>\n<p>Kluczowe zalety:<br \/>\n100% Szlachetna We\u0142na: Dywan jest gruby, g\u0119sty i bardzo ci\u0119\u017cki. We\u0142na to gwarancja ciep\u0142a, doskona\u0142ego wyciszenia salonu i trwa\u0142o\u015bci na dziesi\u0119ciolecia.<\/p>\n<p>Presti\u017cowy Wz\u00f3r Mahi: Klasyczny motyw rybiej \u0142uski w kr\u00f3lewskiej czerwieni i be\u017cu. Wygl\u0105da niezwykle dostojnie i luksusowo.<\/p>\n<p>Ogromna Powierzchnia: Blisko 9 m\u00b2 we\u0142nianego runa! Idealnie wype\u0142ni du\u017cy salon pod zestaw wypoczynkowy lub jadalni\u0119 pod st\u00f3\u0142 na 12 os\u00f3b.<\/p>\n<p>Praktyczne Wyko\u0144czenie: Dywan posiada fabryczne wzmocnienia na kraw\u0119dziach, dzi\u0119ki czemu idealnie przylega do pod\u0142ogi i nie podwija si\u0119. Brak fr\u0119dzli nadaje mu bardziej nowoczesny, uporz\u0105dkowany wygl\u0105d.<\/p>\n<p>Stan: Dywan jest w bardzo dobrym stanie. Czysty, bez zapach\u00f3w, gotowy do bezpo\u015bredniego u\u017cytku.<\/p>\n<p>Wysy\u0142ka kurierem DPD gratis [przelew lub pobranie]<\/p>\n","protected":false},"excerpt":{"rendered":"<p>Na sprzeda\u017c oferuj\u0119 monumentalny, luksusowy dywan o wymiarach 3,5 m x 2,5 m. To propozycja dla os\u00f3b szukaj\u0105cych najwy\u017cszej jako\u015bci [&hellip;]<\/p>\n","protected":false},"featured_media":1150,"template":"","meta":{"site-sidebar-layout":"default","site-content-layout":"","ast-site-content-layout":"default","site-content-style":"default","site-sidebar-style":"default","ast-global-header-display":"","ast-banner-title-visibility":"","ast-main-header-display":"","ast-hfb-above-header-display":"","ast-hfb-below-header-display":"","ast-hfb-mobile-header-display":"","site-post-title":"","ast-breadcrumbs-content":"","ast-featured-img":"","footer-sml-layout":"","ast-disable-related-posts":"","theme-transparent-header-meta":"default","adv-header-id-meta":"","stick-header-meta":"","header-above-stick-meta":"","header-main-stick-meta":"","header-below-stick-meta":"","astra-migrate-meta-layouts":"set","ast-page-background-enabled":"default","ast-page-background-meta":{"desktop":{"background-color":"var(--ast-global-color-5)","background-image":"","background-repeat":"repeat","background-position":"center center","background-size":"auto","background-attachment":"scroll","background-type":"","background-media":"","overlay-type":"","overlay-color":"","overlay-opacity":"","overlay-gradient":""},"tablet":{"background-color":"","background-image":"","background-repeat":"repeat","background-position":"center center","background-size":"auto","background-attachment":"scroll","background-type":"","background-media":"","overlay-type":"","overlay-color":"","overlay-opacity":"","overlay-gradient":""},"mobile":{"background-color":"","background-image":"","background-repeat":"repeat","background-position":"center center","background-size":"auto","background-attachment":"scroll","background-type":"","background-media":"","overlay-type":"","overlay-color":"","overlay-opacity":"","overlay-gradient":""}},"ast-content-background-meta":{"desktop":{"background-color":"var(--ast-global-color-4)","background-image":"","background-repeat":"repeat","background-position":"center center","background-size":"auto","background-attachment":"scroll","background-type":"","background-media":"","overlay-type":"","overlay-color":"","overlay-opacity":"","overlay-gradient":""},"tablet":{"background-color":"var(--ast-global-color-4)","background-image":"","background-repeat":"repeat","background-position":"center center","background-size":"auto","background-attachment":"scroll","background-type":"","background-media":"","overlay-type":"","overlay-color":"","overlay-opacity":"","overlay-gradient":""},"mobile":{"background-color":"var(--ast-global-color-4)","background-image":"","background-repeat":"repeat","background-position":"center center","background-size":"auto","background-attachment":"scroll","background-type":"","background-media":"","overlay-type":"","overlay-color":"","overlay-opacity":"","overlay-gradient":""}}},"product_brand":[],"product_cat":[18],"product_tag":[],"class_list":{"0":"post-1149","1":"product","2":"type-product","3":"status-publish","4":"has-post-thumbnail","6":"product_cat-duze-dywany-salonowe","7":"desktop-align-left","8":"tablet-align-left","9":"mobile-align-left","11":"first","12":"instock","13":"shipping-taxable","14":"purchasable","15":"product-type-simple"},"_links":{"self":[{"href":"https:\/\/miedzywezlami.pl\/index.php?rest_route=\/wp\/v2\/product\/1149","targetHints":{"allow":["GET"]}}],"collection":[{"href":"https:\/\/miedzywezlami.pl\/index.php?rest_route=\/wp\/v2\/product"}],"about":[{"href":"https:\/\/miedzywezlami.pl\/index.php?rest_route=\/wp\/v2\/types\/product"}],"wp:featuredmedia":[{"embeddable":true,"href":"https:\/\/miedzywezlami.pl\/index.php?rest_route=\/wp\/v2\/media\/1150"}],"wp:attachment":[{"href":"https:\/\/miedzywezlami.pl\/index.php?rest_route=%2Fwp%2Fv2%2Fmedia&parent=1149"}],"wp:term":[{"taxonomy":"product_brand","embeddable":true,"href":"https:\/\/miedzywezlami.pl\/index.php?rest_route=%2Fwp%2Fv2%2Fproduct_brand&post=1149"},{"taxonomy":"product_cat","embeddable":true,"href":"https:\/\/miedzywezlami.pl\/index.php?rest_route=%2Fwp%2Fv2%2Fproduct_cat&post=1149"},{"taxonomy":"product_tag","embeddable":true,"href":"https:\/\/miedzywezlami.pl\/index.php?rest_route=%2Fwp%2Fv2%2Fproduct_tag&post=1149"}],"curies":[{"name":"wp","href":"https:\/\/api.w.org\/{rel}","templated":true}]}}