{"id":1162,"date":"2026-03-25T20:37:15","date_gmt":"2026-03-25T20:37:15","guid":{"rendered":"https:\/\/miedzywezlami.pl\/?post_type=product&#038;p=1162"},"modified":"2026-03-25T20:37:15","modified_gmt":"2026-03-25T20:37:15","slug":"luksusowy-chodnik-welniany-253x112-certyfikat-eulan-piekny-wzor-124","status":"publish","type":"product","link":"https:\/\/miedzywezlami.pl\/?product=luksusowy-chodnik-welniany-253x112-certyfikat-eulan-piekny-wzor-124","title":{"rendered":"Luksusowy Chodnik WE\u0141NIANY 253&#215;112 \u2013 Certyfikat EULAN | Pi\u0119kny wz\u00f3r #124"},"content":{"rendered":"<p>Mam przyjemno\u015b\u0107 zaprezentowa\u0107 wyj\u0105tkowy, we\u0142niany bie\u017cnik o wymiarach 253 x 112 cm, kt\u00f3ry \u0142\u0105czy w sobie niesamowit\u0105 estetyk\u0119 z najwy\u017csz\u0105 dba\u0142o\u015bci\u0105 o jako\u015b\u0107.<\/p>\n<p>Certyfikat EULAN: To gwarancja najwy\u017cszego standardu. Dywan posiada fabryczne, trwa\u0142e zabezpieczenie przed molami. Kupuj\u0105c go, inwestujesz w czysty, bezpieczny i trwa\u0142y produkt, kt\u00f3ry nie wymaga dodatkowych zabieg\u00f3w ochronnych.<\/p>\n<p>Szlachetny Wz\u00f3r Kaukaski: Dwa pot\u0119\u017cne medaliony na tle g\u0142\u0119bokiego b\u0142\u0119kitu indygo, otoczone mistern\u0105 bordiur\u0105 w kolorach rubinu, kremu i szmaragdu. To wzornictwo, kt\u00f3re nigdy si\u0119 nie nudzi i nadaje wn\u0119trzu charakteru &#8222;premium&#8221;.<\/p>\n<p>100% Czysta We\u0142na: G\u0119ste, mi\u0119siste runo, kt\u00f3re jest niezwykle mi\u0142e w dotyku. We\u0142na naturalnie wycisza pomieszczenie i utrzymuje ciep\u0142o, a dzi\u0119ki g\u0119stemu splotowi jest wyj\u0105tkowo odporna na zabrudzenia.<\/p>\n<p>Idealne Wymiary: Szeroko\u015b\u0107 112 cm sprawia, \u017ce dywan prezentuje si\u0119 dumnie i stabilnie \u2013 nie jest to w\u0105ski pasek, ale solidny, dekoracyjny element wyposa\u017cenia.<\/p>\n<p>Stan: Dywan jest w stanie idealnym. Kolory s\u0105 \u017cywe i \u015bwie\u017ce, fr\u0119dzle kompletne i zadbane. Jest gotowy do po\u0142o\u017cenia w najbardziej reprezentacyjnym miejscu Twojego domu.<\/p>\n<p>Parametry:<br \/>\nWymiary: 253 cm x 112 cm, grubo\u015b\u0107 oko\u0142o 6mm<br \/>\nMateria\u0142: 100% We\u0142na<br \/>\nDodatki: Certyfikat Eulan (Moth-proof)<\/p>\n<p>Wysy\u0142ka kurierem DPD gratis [przelew lub pobranie]<\/p>\n","protected":false},"excerpt":{"rendered":"<p>Mam przyjemno\u015b\u0107 zaprezentowa\u0107 wyj\u0105tkowy, we\u0142niany bie\u017cnik o wymiarach 253 x 112 cm, kt\u00f3ry \u0142\u0105czy w sobie niesamowit\u0105 estetyk\u0119 z najwy\u017csz\u0105 [&hellip;]<\/p>\n","protected":false},"featured_media":1163,"template":"","meta":{"site-sidebar-layout":"default","site-content-layout":"","ast-site-content-layout":"default","site-content-style":"default","site-sidebar-style":"default","ast-global-header-display":"","ast-banner-title-visibility":"","ast-main-header-display":"","ast-hfb-above-header-display":"","ast-hfb-below-header-display":"","ast-hfb-mobile-header-display":"","site-post-title":"","ast-breadcrumbs-content":"","ast-featured-img":"","footer-sml-layout":"","ast-disable-related-posts":"","theme-transparent-header-meta":"default","adv-header-id-meta":"","stick-header-meta":"","header-above-stick-meta":"","header-main-stick-meta":"","header-below-stick-meta":"","astra-migrate-meta-layouts":"set","ast-page-background-enabled":"default","ast-page-background-meta":{"desktop":{"background-color":"var(--ast-global-color-5)","background-image":"","background-repeat":"repeat","background-position":"center center","background-size":"auto","background-attachment":"scroll","background-type":"","background-media":"","overlay-type":"","overlay-color":"","overlay-opacity":"","overlay-gradient":""},"tablet":{"background-color":"","background-image":"","background-repeat":"repeat","background-position":"center center","background-size":"auto","background-attachment":"scroll","background-type":"","background-media":"","overlay-type":"","overlay-color":"","overlay-opacity":"","overlay-gradient":""},"mobile":{"background-color":"","background-image":"","background-repeat":"repeat","background-position":"center center","background-size":"auto","background-attachment":"scroll","background-type":"","background-media":"","overlay-type":"","overlay-color":"","overlay-opacity":"","overlay-gradient":""}},"ast-content-background-meta":{"desktop":{"background-color":"var(--ast-global-color-4)","background-image":"","background-repeat":"repeat","background-position":"center center","background-size":"auto","background-attachment":"scroll","background-type":"","background-media":"","overlay-type":"","overlay-color":"","overlay-opacity":"","overlay-gradient":""},"tablet":{"background-color":"var(--ast-global-color-4)","background-image":"","background-repeat":"repeat","background-position":"center center","background-size":"auto","background-attachment":"scroll","background-type":"","background-media":"","overlay-type":"","overlay-color":"","overlay-opacity":"","overlay-gradient":""},"mobile":{"background-color":"var(--ast-global-color-4)","background-image":"","background-repeat":"repeat","background-position":"center center","background-size":"auto","background-attachment":"scroll","background-type":"","background-media":"","overlay-type":"","overlay-color":"","overlay-opacity":"","overlay-gradient":""}}},"product_brand":[],"product_cat":[21,19],"product_tag":[],"class_list":{"0":"post-1162","1":"product","2":"type-product","3":"status-publish","4":"has-post-thumbnail","6":"product_cat-perskie-chodniki","7":"product_cat-srednie-dywany","8":"desktop-align-left","9":"tablet-align-left","10":"mobile-align-left","12":"first","13":"instock","14":"shipping-taxable","15":"purchasable","16":"product-type-simple"},"_links":{"self":[{"href":"https:\/\/miedzywezlami.pl\/index.php?rest_route=\/wp\/v2\/product\/1162","targetHints":{"allow":["GET"]}}],"collection":[{"href":"https:\/\/miedzywezlami.pl\/index.php?rest_route=\/wp\/v2\/product"}],"about":[{"href":"https:\/\/miedzywezlami.pl\/index.php?rest_route=\/wp\/v2\/types\/product"}],"wp:featuredmedia":[{"embeddable":true,"href":"https:\/\/miedzywezlami.pl\/index.php?rest_route=\/wp\/v2\/media\/1163"}],"wp:attachment":[{"href":"https:\/\/miedzywezlami.pl\/index.php?rest_route=%2Fwp%2Fv2%2Fmedia&parent=1162"}],"wp:term":[{"taxonomy":"product_brand","embeddable":true,"href":"https:\/\/miedzywezlami.pl\/index.php?rest_route=%2Fwp%2Fv2%2Fproduct_brand&post=1162"},{"taxonomy":"product_cat","embeddable":true,"href":"https:\/\/miedzywezlami.pl\/index.php?rest_route=%2Fwp%2Fv2%2Fproduct_cat&post=1162"},{"taxonomy":"product_tag","embeddable":true,"href":"https:\/\/miedzywezlami.pl\/index.php?rest_route=%2Fwp%2Fv2%2Fproduct_tag&post=1162"}],"curies":[{"name":"wp","href":"https:\/\/api.w.org\/{rel}","templated":true}]}}