{"id":121,"date":"2026-03-11T16:14:52","date_gmt":"2026-03-11T16:14:52","guid":{"rendered":"https:\/\/miedzywezlami.pl\/?post_type=product&#038;p=121"},"modified":"2026-04-03T19:08:52","modified_gmt":"2026-04-03T19:08:52","slug":"unikatowy-perski-dywan-obrazkowy-scena-polowania-200x134-cm-007","status":"publish","type":"product","link":"https:\/\/miedzywezlami.pl\/?product=unikatowy-perski-dywan-obrazkowy-scena-polowania-200x134-cm-007","title":{"rendered":"Unikatowy Perski Dywan Obrazkowy \u2013 Scena Polowania \u2013 200&#215;134 cm #007"},"content":{"rendered":"<p>Na sprzeda\u017c oferuj\u0119 wyj\u0105tkowy dywan perski inspirowany regionem Kashmar.<\/p>\n<p>G\u0142\u00f3wne atuty dywanu:<br \/>\nWz\u00f3r figuralny (obrazkowy): Przedstawia dynamiczn\u0105, klasyczn\u0105 scen\u0119 polowania\/gry w polo.<br \/>\nDetale postaci je\u017ad\u017ac\u00f3w, koni oraz ro\u015blinno\u015bci s\u0105 wykonane z ogromn\u0105 precyzj\u0105 \u2013 dywan ten wygl\u0105da jak obraz utkany z we\u0142ny.<\/p>\n<p>Materia\u0142: Wysokiej jako\u015bci naturalna we\u0142na (prawdopodobnie we\u0142na Kork), kt\u00f3ra charakteryzuje si\u0119 szlachetnym po\u0142yskiem i du\u017c\u0105 wytrzyma\u0142o\u015bci\u0105.<\/p>\n<p>Wymiary: 200 cm x 134 cm (z fr\u0119dzlami) \u2013 idealny format do reprezentacyjnego salonu, gabinetu lub jako luksusowa dekoracja \u015bcienna.<\/p>\n<p>Stan: Dywan jest w bardzo dobrym stanie zachowaniu. Runo jest g\u0119ste, kolory \u017cywe i nasycone, a fr\u0119dzle s\u0105 kompletne i zadbane.<\/p>\n<p>Tego typu dywany obrazkowe s\u0105 rzadko\u015bci\u0105 na rynku wt\u00f3rnym i stanowi\u0105 doskona\u0142\u0105 lokat\u0119 kapita\u0142u. Oferowany egzemplarz \u0142\u0105czy w sobie dusz\u0119 antyku z doskona\u0142\u0105 kondycj\u0105 u\u017cytkow\u0105.<\/p>\n<p>Wysy\u0142ka kurierem DPD gratis [przelew lub pobranie]<\/p>\n","protected":false},"excerpt":{"rendered":"<p>Na sprzeda\u017c oferuj\u0119 wyj\u0105tkowy dywan perski inspirowany regionem Kashmar. G\u0142\u00f3wne atuty dywanu: Wz\u00f3r figuralny (obrazkowy): Przedstawia dynamiczn\u0105, klasyczn\u0105 scen\u0119 polowania\/gry [&hellip;]<\/p>\n","protected":false},"featured_media":122,"template":"","meta":{"site-sidebar-layout":"default","site-content-layout":"","ast-site-content-layout":"default","site-content-style":"default","site-sidebar-style":"default","ast-global-header-display":"","ast-banner-title-visibility":"","ast-main-header-display":"","ast-hfb-above-header-display":"","ast-hfb-below-header-display":"","ast-hfb-mobile-header-display":"","site-post-title":"","ast-breadcrumbs-content":"","ast-featured-img":"","footer-sml-layout":"","ast-disable-related-posts":"","theme-transparent-header-meta":"default","adv-header-id-meta":"","stick-header-meta":"","header-above-stick-meta":"","header-main-stick-meta":"","header-below-stick-meta":"","astra-migrate-meta-layouts":"set","ast-page-background-enabled":"default","ast-page-background-meta":{"desktop":{"background-color":"var(--ast-global-color-5)","background-image":"","background-repeat":"repeat","background-position":"center center","background-size":"auto","background-attachment":"scroll","background-type":"","background-media":"","overlay-type":"","overlay-color":"","overlay-opacity":"","overlay-gradient":""},"tablet":{"background-color":"","background-image":"","background-repeat":"repeat","background-position":"center center","background-size":"auto","background-attachment":"scroll","background-type":"","background-media":"","overlay-type":"","overlay-color":"","overlay-opacity":"","overlay-gradient":""},"mobile":{"background-color":"","background-image":"","background-repeat":"repeat","background-position":"center center","background-size":"auto","background-attachment":"scroll","background-type":"","background-media":"","overlay-type":"","overlay-color":"","overlay-opacity":"","overlay-gradient":""}},"ast-content-background-meta":{"desktop":{"background-color":"var(--ast-global-color-4)","background-image":"","background-repeat":"repeat","background-position":"center center","background-size":"auto","background-attachment":"scroll","background-type":"","background-media":"","overlay-type":"","overlay-color":"","overlay-opacity":"","overlay-gradient":""},"tablet":{"background-color":"var(--ast-global-color-4)","background-image":"","background-repeat":"repeat","background-position":"center center","background-size":"auto","background-attachment":"scroll","background-type":"","background-media":"","overlay-type":"","overlay-color":"","overlay-opacity":"","overlay-gradient":""},"mobile":{"background-color":"var(--ast-global-color-4)","background-image":"","background-repeat":"repeat","background-position":"center center","background-size":"auto","background-attachment":"scroll","background-type":"","background-media":"","overlay-type":"","overlay-color":"","overlay-opacity":"","overlay-gradient":""}}},"product_brand":[],"product_cat":[22,19],"product_tag":[],"class_list":{"0":"post-121","1":"product","2":"type-product","3":"status-publish","4":"has-post-thumbnail","6":"product_cat-kolekcja-unikatow","7":"product_cat-srednie-dywany","8":"desktop-align-left","9":"tablet-align-left","10":"mobile-align-left","12":"first","13":"instock","14":"shipping-taxable","15":"purchasable","16":"product-type-simple"},"_links":{"self":[{"href":"https:\/\/miedzywezlami.pl\/index.php?rest_route=\/wp\/v2\/product\/121","targetHints":{"allow":["GET"]}}],"collection":[{"href":"https:\/\/miedzywezlami.pl\/index.php?rest_route=\/wp\/v2\/product"}],"about":[{"href":"https:\/\/miedzywezlami.pl\/index.php?rest_route=\/wp\/v2\/types\/product"}],"wp:featuredmedia":[{"embeddable":true,"href":"https:\/\/miedzywezlami.pl\/index.php?rest_route=\/wp\/v2\/media\/122"}],"wp:attachment":[{"href":"https:\/\/miedzywezlami.pl\/index.php?rest_route=%2Fwp%2Fv2%2Fmedia&parent=121"}],"wp:term":[{"taxonomy":"product_brand","embeddable":true,"href":"https:\/\/miedzywezlami.pl\/index.php?rest_route=%2Fwp%2Fv2%2Fproduct_brand&post=121"},{"taxonomy":"product_cat","embeddable":true,"href":"https:\/\/miedzywezlami.pl\/index.php?rest_route=%2Fwp%2Fv2%2Fproduct_cat&post=121"},{"taxonomy":"product_tag","embeddable":true,"href":"https:\/\/miedzywezlami.pl\/index.php?rest_route=%2Fwp%2Fv2%2Fproduct_tag&post=121"}],"curies":[{"name":"wp","href":"https:\/\/api.w.org\/{rel}","templated":true}]}}