{"id":1239,"date":"2026-03-30T15:39:56","date_gmt":"2026-03-30T15:39:56","guid":{"rendered":"https:\/\/miedzywezlami.pl\/?post_type=product&#038;p=1239"},"modified":"2026-03-30T15:39:56","modified_gmt":"2026-03-30T15:39:56","slug":"gigantyczny-dywan-welniany-333x248-cm-unikalny-wzor-panelowy-052","status":"publish","type":"product","link":"https:\/\/miedzywezlami.pl\/?product=gigantyczny-dywan-welniany-333x248-cm-unikalny-wzor-panelowy-052","title":{"rendered":"GIGANTYCZNY Dywan WE\u0141NIANY 333&#215;248 cm \u2013 Unikalny Wz\u00f3r Panelowy #052"},"content":{"rendered":"<p>Na sprzeda\u017c oferuj\u0119 wyj\u0105tkowo du\u017cy, luksusowy dywan wykonany w 100% z naturalnej we\u0142ny. Jest to model tkany maszynowo z bardzo du\u017c\u0105 g\u0119sto\u015bci\u0105 runa, co sprawia, \u017ce jest mi\u0119sisty i ci\u0119\u017cki.<\/p>\n<p>To, co wyr\u00f3\u017cnia ten egzemplarz, to rzadko spotykany wz\u00f3r kasetonowy (panelowy). Ca\u0142a powierzchnia dywanu podzielona jest na symetryczne pola z pi\u0119knymi ornamentami, co nadaje wn\u0119trzu kr\u00f3lewskiego charakteru.<\/p>\n<p>Ogromny wymiar: 333 x 248 cm \u2013 idealny do wype\u0142nienia du\u017cego salonu, sali konferencyjnej lub jadalni.<br \/>\nSzlachetny materia\u0142: 100% we\u0142na zapewnia naturaln\u0105 regulacj\u0119 wilgotno\u015bci i doskona\u0142e wyciszenie (akustyk\u0119) pomieszczenia.<\/p>\n<p>Kolorystyka: Ponadczasowe po\u0142\u0105czenie kremowego be\u017cu, g\u0142\u0119bokiego br\u0105zu i delikatnej oliwki. Pasuje do mebli d\u0119bowych, orzechowych oraz stylu kolonialnego.<\/p>\n<p>Trwa\u0142o\u015b\u0107: Dywan jest odporny na \u015bcieranie i ugniatanie (runo szybko wraca do pierwotnego kszta\u0142tu).<\/p>\n<p>Stan: Dywan jest w bardzo dobrej kondycji, bez \u017cadnych wad ukrytych.<br \/>\nGotowy do natychmiastowego u\u017cytku.<\/p>\n<p>Wymiary: 333 cm x 248 cm, grubo\u015b\u0107 oko\u0142o 10mm<br \/>\nMateria\u0142: 100% We\u0142na<\/p>\n<p>Wysy\u0142ka kurierem DPD gratis [przelew lub pobranie]<\/p>\n","protected":false},"excerpt":{"rendered":"<p>Na sprzeda\u017c oferuj\u0119 wyj\u0105tkowo du\u017cy, luksusowy dywan wykonany w 100% z naturalnej we\u0142ny. Jest to model tkany maszynowo z bardzo [&hellip;]<\/p>\n","protected":false},"featured_media":1240,"template":"","meta":{"site-sidebar-layout":"default","site-content-layout":"","ast-site-content-layout":"default","site-content-style":"default","site-sidebar-style":"default","ast-global-header-display":"","ast-banner-title-visibility":"","ast-main-header-display":"","ast-hfb-above-header-display":"","ast-hfb-below-header-display":"","ast-hfb-mobile-header-display":"","site-post-title":"","ast-breadcrumbs-content":"","ast-featured-img":"","footer-sml-layout":"","ast-disable-related-posts":"","theme-transparent-header-meta":"default","adv-header-id-meta":"","stick-header-meta":"","header-above-stick-meta":"","header-main-stick-meta":"","header-below-stick-meta":"","astra-migrate-meta-layouts":"set","ast-page-background-enabled":"default","ast-page-background-meta":{"desktop":{"background-color":"var(--ast-global-color-5)","background-image":"","background-repeat":"repeat","background-position":"center center","background-size":"auto","background-attachment":"scroll","background-type":"","background-media":"","overlay-type":"","overlay-color":"","overlay-opacity":"","overlay-gradient":""},"tablet":{"background-color":"","background-image":"","background-repeat":"repeat","background-position":"center center","background-size":"auto","background-attachment":"scroll","background-type":"","background-media":"","overlay-type":"","overlay-color":"","overlay-opacity":"","overlay-gradient":""},"mobile":{"background-color":"","background-image":"","background-repeat":"repeat","background-position":"center center","background-size":"auto","background-attachment":"scroll","background-type":"","background-media":"","overlay-type":"","overlay-color":"","overlay-opacity":"","overlay-gradient":""}},"ast-content-background-meta":{"desktop":{"background-color":"var(--ast-global-color-4)","background-image":"","background-repeat":"repeat","background-position":"center center","background-size":"auto","background-attachment":"scroll","background-type":"","background-media":"","overlay-type":"","overlay-color":"","overlay-opacity":"","overlay-gradient":""},"tablet":{"background-color":"var(--ast-global-color-4)","background-image":"","background-repeat":"repeat","background-position":"center center","background-size":"auto","background-attachment":"scroll","background-type":"","background-media":"","overlay-type":"","overlay-color":"","overlay-opacity":"","overlay-gradient":""},"mobile":{"background-color":"var(--ast-global-color-4)","background-image":"","background-repeat":"repeat","background-position":"center center","background-size":"auto","background-attachment":"scroll","background-type":"","background-media":"","overlay-type":"","overlay-color":"","overlay-opacity":"","overlay-gradient":""}}},"product_brand":[],"product_cat":[18],"product_tag":[],"class_list":{"0":"post-1239","1":"product","2":"type-product","3":"status-publish","4":"has-post-thumbnail","6":"product_cat-duze-dywany-salonowe","7":"desktop-align-left","8":"tablet-align-left","9":"mobile-align-left","11":"first","12":"instock","13":"shipping-taxable","14":"purchasable","15":"product-type-simple"},"_links":{"self":[{"href":"https:\/\/miedzywezlami.pl\/index.php?rest_route=\/wp\/v2\/product\/1239","targetHints":{"allow":["GET"]}}],"collection":[{"href":"https:\/\/miedzywezlami.pl\/index.php?rest_route=\/wp\/v2\/product"}],"about":[{"href":"https:\/\/miedzywezlami.pl\/index.php?rest_route=\/wp\/v2\/types\/product"}],"wp:featuredmedia":[{"embeddable":true,"href":"https:\/\/miedzywezlami.pl\/index.php?rest_route=\/wp\/v2\/media\/1240"}],"wp:attachment":[{"href":"https:\/\/miedzywezlami.pl\/index.php?rest_route=%2Fwp%2Fv2%2Fmedia&parent=1239"}],"wp:term":[{"taxonomy":"product_brand","embeddable":true,"href":"https:\/\/miedzywezlami.pl\/index.php?rest_route=%2Fwp%2Fv2%2Fproduct_brand&post=1239"},{"taxonomy":"product_cat","embeddable":true,"href":"https:\/\/miedzywezlami.pl\/index.php?rest_route=%2Fwp%2Fv2%2Fproduct_cat&post=1239"},{"taxonomy":"product_tag","embeddable":true,"href":"https:\/\/miedzywezlami.pl\/index.php?rest_route=%2Fwp%2Fv2%2Fproduct_tag&post=1239"}],"curies":[{"name":"wp","href":"https:\/\/api.w.org\/{rel}","templated":true}]}}