{"id":1273,"date":"2026-03-30T15:50:10","date_gmt":"2026-03-30T15:50:10","guid":{"rendered":"https:\/\/miedzywezlami.pl\/?post_type=product&#038;p=1273"},"modified":"2026-03-30T15:50:10","modified_gmt":"2026-03-30T15:50:10","slug":"gigantyczny-perski-heriz-353x222-recznie-tkany-100-welna-unikat-054","status":"publish","type":"product","link":"https:\/\/miedzywezlami.pl\/?product=gigantyczny-perski-heriz-353x222-recznie-tkany-100-welna-unikat-054","title":{"rendered":"GIGANTYCZNY Perski HERIZ 353&#215;222 \u2013 R\u0118CZNIE TKANY \u2013 100% We\u0142na \u2013 Unikat #054"},"content":{"rendered":"<p>Na sprzeda\u017c oferuj\u0119 monumentalny, oryginalny dywan perski Heriz, r\u0119cznie tkany w p\u00f3\u0142nocno-zachodnim Iranie. To propozycja dla os\u00f3b szukaj\u0105cych przedmiotu z dusz\u0105, kt\u00f3ry zdominuje i uszlachetni wn\u0119trze du\u017cego salonu lub jadalni.<\/p>\n<p>Dywany Heriz s\u0142yn\u0105 z unikalnego, geometrycznego stylu oraz niespotykanej odporno\u015bci na u\u017cytkowanie. Ten egzemplarz to kwintesencja gatunku: pot\u0119\u017cny medalion centralny, wyraziste naro\u017cniki i bogata paleta barw uzyskana z naturalnych barwnik\u00f3w.<\/p>\n<p>Gigantyczny format: 353 cm x 222 cm \u2013 idealnie wype\u0142ni przestronne pomieszczenie, nadaj\u0105c mu kr\u00f3lewskiego charakteru.<\/p>\n<p>R\u0119kodzie\u0142o najwy\u017cszej klasy: Ka\u017cdy w\u0119ze\u0142 zosta\u0142 zawi\u0105zany r\u0119cznie z wysokogatunkowej, spr\u0119\u017cystej we\u0142ny.<\/p>\n<p>Inwestycja na pokolenia: Herizy to jedne z najbardziej trwa\u0142ych dywan\u00f3w \u015bwiata. Ich uroda z czasem nabiera szlachetnej patyny.<\/p>\n<p>Uniwersalny design: Mimo klasycznego wzoru, geometryczne motywy Heriza rewelacyjnie prze\u0142amuj\u0105 nowoczesne, minimalistyczne wn\u0119trza oraz styl loftowy.<\/p>\n<p>Specyfikacja:<br \/>\nWymiary: 353 cm x 222 cm (ok. 7,8 m\u00b2 powierzchni).<br \/>\nMateria\u0142: 100% We\u0142na na solidnej osnowie bawe\u0142nianej.<br \/>\nPochodzenie: Iran (Persja).<br \/>\nStan: Bardzo dobry \u2013 dywan jest czysty, runo zdrowe i g\u0119ste, brak przetar\u0107, wytar\u0107.<\/p>\n<p>Wysy\u0142ka kurierem DPD gratis [przelew lub pobranie]<\/p>\n","protected":false},"excerpt":{"rendered":"<p>Na sprzeda\u017c oferuj\u0119 monumentalny, oryginalny dywan perski Heriz, r\u0119cznie tkany w p\u00f3\u0142nocno-zachodnim Iranie. To propozycja dla os\u00f3b szukaj\u0105cych przedmiotu z [&hellip;]<\/p>\n","protected":false},"featured_media":1274,"template":"","meta":{"site-sidebar-layout":"default","site-content-layout":"","ast-site-content-layout":"default","site-content-style":"default","site-sidebar-style":"default","ast-global-header-display":"","ast-banner-title-visibility":"","ast-main-header-display":"","ast-hfb-above-header-display":"","ast-hfb-below-header-display":"","ast-hfb-mobile-header-display":"","site-post-title":"","ast-breadcrumbs-content":"","ast-featured-img":"","footer-sml-layout":"","ast-disable-related-posts":"","theme-transparent-header-meta":"default","adv-header-id-meta":"","stick-header-meta":"","header-above-stick-meta":"","header-main-stick-meta":"","header-below-stick-meta":"","astra-migrate-meta-layouts":"set","ast-page-background-enabled":"default","ast-page-background-meta":{"desktop":{"background-color":"var(--ast-global-color-5)","background-image":"","background-repeat":"repeat","background-position":"center center","background-size":"auto","background-attachment":"scroll","background-type":"","background-media":"","overlay-type":"","overlay-color":"","overlay-opacity":"","overlay-gradient":""},"tablet":{"background-color":"","background-image":"","background-repeat":"repeat","background-position":"center center","background-size":"auto","background-attachment":"scroll","background-type":"","background-media":"","overlay-type":"","overlay-color":"","overlay-opacity":"","overlay-gradient":""},"mobile":{"background-color":"","background-image":"","background-repeat":"repeat","background-position":"center center","background-size":"auto","background-attachment":"scroll","background-type":"","background-media":"","overlay-type":"","overlay-color":"","overlay-opacity":"","overlay-gradient":""}},"ast-content-background-meta":{"desktop":{"background-color":"var(--ast-global-color-4)","background-image":"","background-repeat":"repeat","background-position":"center center","background-size":"auto","background-attachment":"scroll","background-type":"","background-media":"","overlay-type":"","overlay-color":"","overlay-opacity":"","overlay-gradient":""},"tablet":{"background-color":"var(--ast-global-color-4)","background-image":"","background-repeat":"repeat","background-position":"center center","background-size":"auto","background-attachment":"scroll","background-type":"","background-media":"","overlay-type":"","overlay-color":"","overlay-opacity":"","overlay-gradient":""},"mobile":{"background-color":"var(--ast-global-color-4)","background-image":"","background-repeat":"repeat","background-position":"center center","background-size":"auto","background-attachment":"scroll","background-type":"","background-media":"","overlay-type":"","overlay-color":"","overlay-opacity":"","overlay-gradient":""}}},"product_brand":[],"product_cat":[18,22],"product_tag":[],"class_list":{"0":"post-1273","1":"product","2":"type-product","3":"status-publish","4":"has-post-thumbnail","6":"product_cat-duze-dywany-salonowe","7":"product_cat-kolekcja-unikatow","8":"desktop-align-left","9":"tablet-align-left","10":"mobile-align-left","12":"first","13":"instock","14":"shipping-taxable","15":"purchasable","16":"product-type-simple"},"_links":{"self":[{"href":"https:\/\/miedzywezlami.pl\/index.php?rest_route=\/wp\/v2\/product\/1273","targetHints":{"allow":["GET"]}}],"collection":[{"href":"https:\/\/miedzywezlami.pl\/index.php?rest_route=\/wp\/v2\/product"}],"about":[{"href":"https:\/\/miedzywezlami.pl\/index.php?rest_route=\/wp\/v2\/types\/product"}],"wp:featuredmedia":[{"embeddable":true,"href":"https:\/\/miedzywezlami.pl\/index.php?rest_route=\/wp\/v2\/media\/1274"}],"wp:attachment":[{"href":"https:\/\/miedzywezlami.pl\/index.php?rest_route=%2Fwp%2Fv2%2Fmedia&parent=1273"}],"wp:term":[{"taxonomy":"product_brand","embeddable":true,"href":"https:\/\/miedzywezlami.pl\/index.php?rest_route=%2Fwp%2Fv2%2Fproduct_brand&post=1273"},{"taxonomy":"product_cat","embeddable":true,"href":"https:\/\/miedzywezlami.pl\/index.php?rest_route=%2Fwp%2Fv2%2Fproduct_cat&post=1273"},{"taxonomy":"product_tag","embeddable":true,"href":"https:\/\/miedzywezlami.pl\/index.php?rest_route=%2Fwp%2Fv2%2Fproduct_tag&post=1273"}],"curies":[{"name":"wp","href":"https:\/\/api.w.org\/{rel}","templated":true}]}}