{"id":1501,"date":"2026-04-21T19:00:30","date_gmt":"2026-04-21T19:00:30","guid":{"rendered":"https:\/\/miedzywezlami.pl\/?post_type=product&#038;p=1501"},"modified":"2026-04-21T19:00:30","modified_gmt":"2026-04-21T19:00:30","slug":"recznie-tkany-dywan-hamadan-170x114-100-welna-certyfikat-unikat-061","status":"publish","type":"product","link":"https:\/\/miedzywezlami.pl\/?product=recznie-tkany-dywan-hamadan-170x114-100-welna-certyfikat-unikat-061","title":{"rendered":"R\u0119cznie tkany dywan Hamadan 170&#215;114 \u2013 100% We\u0142na \u2013 Certyfikat \u2013 Unikat #061"},"content":{"rendered":"<p>Oferuj\u0119 autentyczny, r\u0119cznie tkany dywan perski pochodz\u0105cy z regionu Hamadan. Jest to klasyczny wyr\u00f3b rzemie\u015blniczy, co potwierdza oryginalny certyfikat znajduj\u0105cy si\u0119 na metce u do\u0142u dywanu. Hamadany s\u0105 cenione na ca\u0142ym \u015bwiecie za swoj\u0105 wyj\u0105tkow\u0105 trwa\u0142o\u015b\u0107 oraz unikalne, geometryczno-kwiatowe wzornictwo.<\/p>\n<p>Wymiary: 170 cm x 114 cm (format idealny do sypialni, gabinetu lub jako centralny punkt mniejszego salonu).<\/p>\n<p>Technika wykonania: W pe\u0142ni r\u0119czny splot, co czyni ka\u017cdy egzemplarz niepowtarzalnym. Wyra\u017ana struktura w\u0119z\u0142\u00f3w widoczna na rewersie \u015bwiadczy o wysokiej jako\u015bci rzemio\u015ble.<\/p>\n<p>Materia\u0142: 100% naturalna, wysokogatunkowa we\u0142na na osnowie bawe\u0142nianej. We\u0142na z tego regionu jest znana z du\u017cej odporno\u015bci na wycieranie i naturalnego blasku.<\/p>\n<p>Wzornictwo: Charakterystyczny dla Hamadan\u00f3w wyrazisty medalion centralny wpisany w pole o intensywnej, czerwonej barwie. Ca\u0142o\u015b\u0107 dope\u0142nia bogata bordiura z motywami ro\u015blinnymi w odcieniach b\u0142\u0119kitu, r\u00f3\u017cu i zieleni.<\/p>\n<p>Dywan jest w bardzo dobrym stanie, posiada g\u0119ste i zdrowe runo. Jako produkt tkany r\u0119cznie, charakteryzuje si\u0119 du\u017c\u0105 g\u0119sto\u015bci\u0105 i wag\u0105, co sprawia, \u017ce idealnie przylega do pod\u0142o\u017ca. Obecno\u015b\u0107 certyfikatu na metce daje pewno\u015b\u0107 zakupu produktu autentycznego, o sta\u0142ej warto\u015bci rynkowej.<\/p>\n<p>Dywany te s\u0105 nazywane &#8222;wo\u0142owymi&#8221; ze wzgl\u0119du na swoj\u0105 legendarn\u0105 wytrzyma\u0142o\u015b\u0107. S\u0105 to przedmioty &#8222;z dusz\u0105&#8221;, kt\u00f3re przy odpowiedniej dba\u0142o\u015bci s\u0142u\u017c\u0105 pokoleniom, starzej\u0105c si\u0119 w pi\u0119kny i szlachetny spos\u00f3b.<\/p>\n<p>Wysy\u0142ka kurier DPD gratis przelew lub pobranie.<\/p>\n","protected":false},"excerpt":{"rendered":"<p>Oferuj\u0119 autentyczny, r\u0119cznie tkany dywan perski pochodz\u0105cy z regionu Hamadan. Jest to klasyczny wyr\u00f3b rzemie\u015blniczy, co potwierdza oryginalny certyfikat znajduj\u0105cy [&hellip;]<\/p>\n","protected":false},"featured_media":1508,"template":"","meta":{"site-sidebar-layout":"default","site-content-layout":"","ast-site-content-layout":"default","site-content-style":"default","site-sidebar-style":"default","ast-global-header-display":"","ast-banner-title-visibility":"","ast-main-header-display":"","ast-hfb-above-header-display":"","ast-hfb-below-header-display":"","ast-hfb-mobile-header-display":"","site-post-title":"","ast-breadcrumbs-content":"","ast-featured-img":"","footer-sml-layout":"","ast-disable-related-posts":"","theme-transparent-header-meta":"default","adv-header-id-meta":"","stick-header-meta":"","header-above-stick-meta":"","header-main-stick-meta":"","header-below-stick-meta":"","astra-migrate-meta-layouts":"set","ast-page-background-enabled":"default","ast-page-background-meta":{"desktop":{"background-color":"var(--ast-global-color-5)","background-image":"","background-repeat":"repeat","background-position":"center center","background-size":"auto","background-attachment":"scroll","background-type":"","background-media":"","overlay-type":"","overlay-color":"","overlay-opacity":"","overlay-gradient":""},"tablet":{"background-color":"","background-image":"","background-repeat":"repeat","background-position":"center center","background-size":"auto","background-attachment":"scroll","background-type":"","background-media":"","overlay-type":"","overlay-color":"","overlay-opacity":"","overlay-gradient":""},"mobile":{"background-color":"","background-image":"","background-repeat":"repeat","background-position":"center center","background-size":"auto","background-attachment":"scroll","background-type":"","background-media":"","overlay-type":"","overlay-color":"","overlay-opacity":"","overlay-gradient":""}},"ast-content-background-meta":{"desktop":{"background-color":"var(--ast-global-color-4)","background-image":"","background-repeat":"repeat","background-position":"center center","background-size":"auto","background-attachment":"scroll","background-type":"","background-media":"","overlay-type":"","overlay-color":"","overlay-opacity":"","overlay-gradient":""},"tablet":{"background-color":"var(--ast-global-color-4)","background-image":"","background-repeat":"repeat","background-position":"center center","background-size":"auto","background-attachment":"scroll","background-type":"","background-media":"","overlay-type":"","overlay-color":"","overlay-opacity":"","overlay-gradient":""},"mobile":{"background-color":"var(--ast-global-color-4)","background-image":"","background-repeat":"repeat","background-position":"center center","background-size":"auto","background-attachment":"scroll","background-type":"","background-media":"","overlay-type":"","overlay-color":"","overlay-opacity":"","overlay-gradient":""}}},"product_brand":[],"product_cat":[19],"product_tag":[],"class_list":{"0":"post-1501","1":"product","2":"type-product","3":"status-publish","4":"has-post-thumbnail","6":"product_cat-srednie-dywany","7":"desktop-align-left","8":"tablet-align-left","9":"mobile-align-left","11":"first","12":"instock","13":"shipping-taxable","14":"purchasable","15":"product-type-simple"},"_links":{"self":[{"href":"https:\/\/miedzywezlami.pl\/index.php?rest_route=\/wp\/v2\/product\/1501","targetHints":{"allow":["GET"]}}],"collection":[{"href":"https:\/\/miedzywezlami.pl\/index.php?rest_route=\/wp\/v2\/product"}],"about":[{"href":"https:\/\/miedzywezlami.pl\/index.php?rest_route=\/wp\/v2\/types\/product"}],"wp:featuredmedia":[{"embeddable":true,"href":"https:\/\/miedzywezlami.pl\/index.php?rest_route=\/wp\/v2\/media\/1508"}],"wp:attachment":[{"href":"https:\/\/miedzywezlami.pl\/index.php?rest_route=%2Fwp%2Fv2%2Fmedia&parent=1501"}],"wp:term":[{"taxonomy":"product_brand","embeddable":true,"href":"https:\/\/miedzywezlami.pl\/index.php?rest_route=%2Fwp%2Fv2%2Fproduct_brand&post=1501"},{"taxonomy":"product_cat","embeddable":true,"href":"https:\/\/miedzywezlami.pl\/index.php?rest_route=%2Fwp%2Fv2%2Fproduct_cat&post=1501"},{"taxonomy":"product_tag","embeddable":true,"href":"https:\/\/miedzywezlami.pl\/index.php?rest_route=%2Fwp%2Fv2%2Fproduct_tag&post=1501"}],"curies":[{"name":"wp","href":"https:\/\/api.w.org\/{rel}","templated":true}]}}