{"id":1587,"date":"2026-04-22T15:33:13","date_gmt":"2026-04-22T15:33:13","guid":{"rendered":"https:\/\/miedzywezlami.pl\/?post_type=product&#038;p=1587"},"modified":"2026-04-22T15:33:13","modified_gmt":"2026-04-22T15:33:13","slug":"recznie-tkany-dywan-kazak-167x89-100-welna-wysokie-runo-105","status":"publish","type":"product","link":"https:\/\/miedzywezlami.pl\/?product=recznie-tkany-dywan-kazak-167x89-100-welna-wysokie-runo-105","title":{"rendered":"R\u0119cznie tkany dywan KAZAK 167&#215;89 | 100% We\u0142na | Wysokie runo #105"},"content":{"rendered":"<p>Oferuj\u0119 unikatowy, w pe\u0142ni r\u0119cznie tkany dywan we\u0142niany typu Kazak. Jest to egzemplarz o rzadko spotykanej charakterystyce, \u0142\u0105cz\u0105cy archaiczne kaukaskie wzornictwo z niezwyk\u0142ym komfortem u\u017cytkowania. Dywan posiada bardzo g\u0119ste i wysokie runo o grubo\u015bci ok. 15 mm, co czyni go wyj\u0105tkowo mi\u0119sistym i przyjemnym w dotyku.<\/p>\n<p>Wymiary: 167 cm x 89 cm.<br \/>\nPochodzenie\/Wz\u00f3r: Kazak \u2013 s\u0142yn\u0105cy z geometrycznych, odwa\u017cnych motyw\u00f3w i nasyconej kolorystyki.<\/p>\n<p>Materia\u0142: 100% naturalna we\u0142na wysokiej jako\u015bci. Dzi\u0119ki swojej grubo\u015bci dywan doskonale izoluje od ch\u0142odu i t\u0142umi d\u017awi\u0119ki.<br \/>\nKolorystyka: Klasyczna paleta barw \u2013 g\u0142\u0119boka czerwie\u0144, butelkowa ziele\u0144, kr\u00f3lewski b\u0142\u0119kit oraz czysta biel. Naturalne barwniki gwarantuj\u0105 szlachetne starzenie si\u0119 we\u0142ny.<\/p>\n<p>Dywan jest czysty, w bardzo dobrym stanie zachowania. Zdj\u0119cie spodu (rewersu) dokumentuje autentyczno\u015b\u0107 r\u0119cznego splotu oraz g\u0119sto\u015b\u0107 wi\u0105zania. Jest to przedmiot solidny, ci\u0119\u017cki, kt\u00f3ry nie przesuwa si\u0119 na pod\u0142odze i stanowi inwestycj\u0119 na lata.<\/p>\n<p>Wysy\u0142ka kurierem DPD gratis [przelew lub pobranie]<\/p>\n","protected":false},"excerpt":{"rendered":"<p>Oferuj\u0119 unikatowy, w pe\u0142ni r\u0119cznie tkany dywan we\u0142niany typu Kazak. Jest to egzemplarz o rzadko spotykanej charakterystyce, \u0142\u0105cz\u0105cy archaiczne kaukaskie [&hellip;]<\/p>\n","protected":false},"featured_media":1588,"template":"","meta":{"site-sidebar-layout":"default","site-content-layout":"","ast-site-content-layout":"default","site-content-style":"default","site-sidebar-style":"default","ast-global-header-display":"","ast-banner-title-visibility":"","ast-main-header-display":"","ast-hfb-above-header-display":"","ast-hfb-below-header-display":"","ast-hfb-mobile-header-display":"","site-post-title":"","ast-breadcrumbs-content":"","ast-featured-img":"","footer-sml-layout":"","ast-disable-related-posts":"","theme-transparent-header-meta":"default","adv-header-id-meta":"","stick-header-meta":"","header-above-stick-meta":"","header-main-stick-meta":"","header-below-stick-meta":"","astra-migrate-meta-layouts":"set","ast-page-background-enabled":"default","ast-page-background-meta":{"desktop":{"background-color":"var(--ast-global-color-5)","background-image":"","background-repeat":"repeat","background-position":"center center","background-size":"auto","background-attachment":"scroll","background-type":"","background-media":"","overlay-type":"","overlay-color":"","overlay-opacity":"","overlay-gradient":""},"tablet":{"background-color":"","background-image":"","background-repeat":"repeat","background-position":"center center","background-size":"auto","background-attachment":"scroll","background-type":"","background-media":"","overlay-type":"","overlay-color":"","overlay-opacity":"","overlay-gradient":""},"mobile":{"background-color":"","background-image":"","background-repeat":"repeat","background-position":"center center","background-size":"auto","background-attachment":"scroll","background-type":"","background-media":"","overlay-type":"","overlay-color":"","overlay-opacity":"","overlay-gradient":""}},"ast-content-background-meta":{"desktop":{"background-color":"var(--ast-global-color-4)","background-image":"","background-repeat":"repeat","background-position":"center center","background-size":"auto","background-attachment":"scroll","background-type":"","background-media":"","overlay-type":"","overlay-color":"","overlay-opacity":"","overlay-gradient":""},"tablet":{"background-color":"var(--ast-global-color-4)","background-image":"","background-repeat":"repeat","background-position":"center center","background-size":"auto","background-attachment":"scroll","background-type":"","background-media":"","overlay-type":"","overlay-color":"","overlay-opacity":"","overlay-gradient":""},"mobile":{"background-color":"var(--ast-global-color-4)","background-image":"","background-repeat":"repeat","background-position":"center center","background-size":"auto","background-attachment":"scroll","background-type":"","background-media":"","overlay-type":"","overlay-color":"","overlay-opacity":"","overlay-gradient":""}}},"product_brand":[],"product_cat":[20],"product_tag":[],"class_list":{"0":"post-1587","1":"product","2":"type-product","3":"status-publish","4":"has-post-thumbnail","6":"product_cat-male-dywany","7":"desktop-align-left","8":"tablet-align-left","9":"mobile-align-left","11":"first","12":"instock","13":"shipping-taxable","14":"purchasable","15":"product-type-simple"},"_links":{"self":[{"href":"https:\/\/miedzywezlami.pl\/index.php?rest_route=\/wp\/v2\/product\/1587","targetHints":{"allow":["GET"]}}],"collection":[{"href":"https:\/\/miedzywezlami.pl\/index.php?rest_route=\/wp\/v2\/product"}],"about":[{"href":"https:\/\/miedzywezlami.pl\/index.php?rest_route=\/wp\/v2\/types\/product"}],"wp:featuredmedia":[{"embeddable":true,"href":"https:\/\/miedzywezlami.pl\/index.php?rest_route=\/wp\/v2\/media\/1588"}],"wp:attachment":[{"href":"https:\/\/miedzywezlami.pl\/index.php?rest_route=%2Fwp%2Fv2%2Fmedia&parent=1587"}],"wp:term":[{"taxonomy":"product_brand","embeddable":true,"href":"https:\/\/miedzywezlami.pl\/index.php?rest_route=%2Fwp%2Fv2%2Fproduct_brand&post=1587"},{"taxonomy":"product_cat","embeddable":true,"href":"https:\/\/miedzywezlami.pl\/index.php?rest_route=%2Fwp%2Fv2%2Fproduct_cat&post=1587"},{"taxonomy":"product_tag","embeddable":true,"href":"https:\/\/miedzywezlami.pl\/index.php?rest_route=%2Fwp%2Fv2%2Fproduct_tag&post=1587"}],"curies":[{"name":"wp","href":"https:\/\/api.w.org\/{rel}","templated":true}]}}