{"id":1737,"date":"2026-04-27T11:28:28","date_gmt":"2026-04-27T11:28:28","guid":{"rendered":"https:\/\/miedzywezlami.pl\/?post_type=product&#038;p=1737"},"modified":"2026-04-27T11:28:28","modified_gmt":"2026-04-27T11:28:28","slug":"louis-de-poortere-350x250-100-welna-ekskluzywny-dywan-121","status":"publish","type":"product","link":"https:\/\/miedzywezlami.pl\/?product=louis-de-poortere-350x250-100-welna-ekskluzywny-dywan-121","title":{"rendered":"LOUIS DE POORTERE | 350&#215;250 | 100% We\u0142na | Ekskluzywny Dywan #121"},"content":{"rendered":"<p>Oferuj\u0119 monumentalny, luksusowy dywan \u015bwiatowej s\u0142awy belgijskiej marki Louis de Poortere. Jest to egzemplarz o imponuj\u0105cych wymiarach 350 x 250 cm, kt\u00f3ry \u0142\u0105czy w sobie ponadczasow\u0105 elegancj\u0119 perskiego wzornictwa z niezr\u00f3wnan\u0105 jako\u015bci\u0105 wykonania, z kt\u00f3rej s\u0142ynie ten producent.<\/p>\n<p>100% Czysta We\u0142na: Dywan wykonany jest z najwy\u017cszej gatunkowo we\u0142ny dziewiczej. Jest ona niezwykle g\u0119sta, spr\u0119\u017cysta i odporna na ugniatanie, co gwarantuje, \u017ce dywan zachowa sw\u00f3j wygl\u0105d przez dziesi\u0119ciolecia.<\/p>\n<p>Niespotykany format: Wymiar 3,5 x 2,5 metra pozwala na stworzenie luksusowej strefy wypoczynkowej w du\u017cym salonie, spinaj\u0105c ca\u0142\u0105 aran\u017cacj\u0119 w sp\u00f3jn\u0105 ca\u0142o\u015b\u0107.<\/p>\n<p>Design bez medalionu: Klasyczny wz\u00f3r &#8222;all-over&#8221; na g\u0142\u0119bokim, czerwonym tle jest niezwykle ustawny \u2013 meble mo\u017cna stawia\u0107 w dowolnej konfiguracji, nie zas\u0142aniaj\u0105c g\u0142\u00f3wnego motywu.<\/p>\n<p>Jako\u015b\u0107 Premium: Produkty tej marki s\u0105 znane z tego, \u017ce si\u0119 nie pr\u00f3sz\u0105, s\u0105 \u0142atwe w odkurzaniu i posiadaj\u0105 naturaln\u0105 odporno\u015b\u0107 na zabrudzenia dzi\u0119ki lanolinie zawartej w we\u0142nie.<\/p>\n<p>Dywan jest w bardzo dobrym stanie, czysty i zadbany. Runo jest wysokie i mi\u0119siste na ca\u0142ej powierzchni. To oferta dla os\u00f3b, kt\u00f3re szukaj\u0105 markowego produktu premium w u\u0142amku ceny nowego egzemplarza.<\/p>\n<p>Marka: Louis de Poortere (Belgia)<br \/>\nMateria\u0142: 100% Czysta We\u0142na (Pure New Wool)<br \/>\nWymiary: 350 cm x 250 cm, grubo\u015b\u0107 oko\u0142o 10mm<br \/>\nKolor: Klasyczna czerwie\u0144 \/ z\u0142oty \/ be\u017c \/ granat<\/p>\n<p>Wysy\u0142ka kurierem DPD gratis [przelew lub pobranie]<\/p>\n","protected":false},"excerpt":{"rendered":"<p>Oferuj\u0119 monumentalny, luksusowy dywan \u015bwiatowej s\u0142awy belgijskiej marki Louis de Poortere. Jest to egzemplarz o imponuj\u0105cych wymiarach 350 x 250 [&hellip;]<\/p>\n","protected":false},"featured_media":1738,"template":"","meta":{"site-sidebar-layout":"default","site-content-layout":"","ast-site-content-layout":"default","site-content-style":"default","site-sidebar-style":"default","ast-global-header-display":"","ast-banner-title-visibility":"","ast-main-header-display":"","ast-hfb-above-header-display":"","ast-hfb-below-header-display":"","ast-hfb-mobile-header-display":"","site-post-title":"","ast-breadcrumbs-content":"","ast-featured-img":"","footer-sml-layout":"","ast-disable-related-posts":"","theme-transparent-header-meta":"default","adv-header-id-meta":"","stick-header-meta":"","header-above-stick-meta":"","header-main-stick-meta":"","header-below-stick-meta":"","astra-migrate-meta-layouts":"set","ast-page-background-enabled":"default","ast-page-background-meta":{"desktop":{"background-color":"var(--ast-global-color-5)","background-image":"","background-repeat":"repeat","background-position":"center center","background-size":"auto","background-attachment":"scroll","background-type":"","background-media":"","overlay-type":"","overlay-color":"","overlay-opacity":"","overlay-gradient":""},"tablet":{"background-color":"","background-image":"","background-repeat":"repeat","background-position":"center center","background-size":"auto","background-attachment":"scroll","background-type":"","background-media":"","overlay-type":"","overlay-color":"","overlay-opacity":"","overlay-gradient":""},"mobile":{"background-color":"","background-image":"","background-repeat":"repeat","background-position":"center center","background-size":"auto","background-attachment":"scroll","background-type":"","background-media":"","overlay-type":"","overlay-color":"","overlay-opacity":"","overlay-gradient":""}},"ast-content-background-meta":{"desktop":{"background-color":"var(--ast-global-color-4)","background-image":"","background-repeat":"repeat","background-position":"center center","background-size":"auto","background-attachment":"scroll","background-type":"","background-media":"","overlay-type":"","overlay-color":"","overlay-opacity":"","overlay-gradient":""},"tablet":{"background-color":"var(--ast-global-color-4)","background-image":"","background-repeat":"repeat","background-position":"center center","background-size":"auto","background-attachment":"scroll","background-type":"","background-media":"","overlay-type":"","overlay-color":"","overlay-opacity":"","overlay-gradient":""},"mobile":{"background-color":"var(--ast-global-color-4)","background-image":"","background-repeat":"repeat","background-position":"center center","background-size":"auto","background-attachment":"scroll","background-type":"","background-media":"","overlay-type":"","overlay-color":"","overlay-opacity":"","overlay-gradient":""}}},"product_brand":[],"product_cat":[18],"product_tag":[],"class_list":{"0":"post-1737","1":"product","2":"type-product","3":"status-publish","4":"has-post-thumbnail","6":"product_cat-duze-dywany-salonowe","7":"desktop-align-left","8":"tablet-align-left","9":"mobile-align-left","11":"first","12":"instock","13":"shipping-taxable","14":"purchasable","15":"product-type-simple"},"_links":{"self":[{"href":"https:\/\/miedzywezlami.pl\/index.php?rest_route=\/wp\/v2\/product\/1737","targetHints":{"allow":["GET"]}}],"collection":[{"href":"https:\/\/miedzywezlami.pl\/index.php?rest_route=\/wp\/v2\/product"}],"about":[{"href":"https:\/\/miedzywezlami.pl\/index.php?rest_route=\/wp\/v2\/types\/product"}],"wp:featuredmedia":[{"embeddable":true,"href":"https:\/\/miedzywezlami.pl\/index.php?rest_route=\/wp\/v2\/media\/1738"}],"wp:attachment":[{"href":"https:\/\/miedzywezlami.pl\/index.php?rest_route=%2Fwp%2Fv2%2Fmedia&parent=1737"}],"wp:term":[{"taxonomy":"product_brand","embeddable":true,"href":"https:\/\/miedzywezlami.pl\/index.php?rest_route=%2Fwp%2Fv2%2Fproduct_brand&post=1737"},{"taxonomy":"product_cat","embeddable":true,"href":"https:\/\/miedzywezlami.pl\/index.php?rest_route=%2Fwp%2Fv2%2Fproduct_cat&post=1737"},{"taxonomy":"product_tag","embeddable":true,"href":"https:\/\/miedzywezlami.pl\/index.php?rest_route=%2Fwp%2Fv2%2Fproduct_tag&post=1737"}],"curies":[{"name":"wp","href":"https:\/\/api.w.org\/{rel}","templated":true}]}}