{"id":1920,"date":"2026-04-29T08:58:53","date_gmt":"2026-04-29T08:58:53","guid":{"rendered":"https:\/\/miedzywezlami.pl\/?post_type=product&#038;p=1920"},"modified":"2026-04-29T08:58:54","modified_gmt":"2026-04-29T08:58:54","slug":"afghan-kazak-213x167-recznie-tkany-welna-premium-jasny-okazja-136","status":"publish","type":"product","link":"https:\/\/miedzywezlami.pl\/?product=afghan-kazak-213x167-recznie-tkany-welna-premium-jasny-okazja-136","title":{"rendered":"AFGHAN KAZAK | 213&#215;167 | R\u0119cznie Tkany | We\u0142na Premium | Jasny | OKAZJA #136"},"content":{"rendered":"<p>Oferuj\u0119 Pa\u0144stwu unikatowy, luksusowy dywan Afghan Kazak, r\u0119cznie tkany przez mistrz\u00f3w rzemios\u0142a.<\/p>\n<p>Jest to egzemplarz z najwy\u017cszej p\u00f3\u0142ki jako\u015bciowej, co potwierdza zachowana oryginalna metka z cen\u0105 salonow\u0105 wynosz\u0105c\u0105 2492 Euro (ok. 10 700 PLN). Dywan w tak jasnej, kremowej kolorystyce to obecnie najbardziej poszukiwany model przez architekt\u00f3w wn\u0119trz do nowoczesnych i presti\u017cowych aran\u017cacji.<\/p>\n<p>Designerski wygl\u0105d: Jasne, czyste t\u0142o w po\u0142\u0105czeniu z geometrycznymi motywami kaukaskimi w kolorach burgundu i b\u0142\u0119kitu morskiemu nadaje mu niesamowitej \u015bwie\u017co\u015bci. Idealny do stylu Hampton, Modern Classic, Loft czy Skandynawskiego.<\/p>\n<p>Najwy\u017csza jako\u015b\u0107 we\u0142ny: Dywan wykonany z r\u0119cznie prz\u0119dzonej we\u0142ny owczej wysokiej klasy. Runo jest g\u0119ste, spr\u0119\u017cyste i posiada szlachetny, matowy po\u0142ysk.<\/p>\n<p>Tradycyjne rzemios\u0142o: W pe\u0142ni r\u0119czny splot gwarantuje unikatowo\u015b\u0107 \u2013 nie ma dw\u00f3ch identycznych egzemplarzy.<\/p>\n<p>Stan zachowania:<br \/>\nDywan jest w bardzo dobrym stanie, czysty i zadbany. Runo jest wysokie i r\u00f3wne na ca\u0142ej powierzchni. To wyj\u0105tkowa okazja, by naby\u0107 markowy produkt premium w u\u0142amku jego pierwotnej ceny.<\/p>\n<p>Pochodzenie: Afganistan (Afghan Kazak)<br \/>\nMateria\u0142: 100% Szlachetna we\u0142na<br \/>\nWymiary: 213 cm x 167 cm (powierzchnia 3,56 m\u00b2), grubo\u015b\u0107 oko\u0142o 10mm<br \/>\nStan: U\u017cywany, bardzo dobry, gotowy do po\u0142o\u017cenia<\/p>\n<p>Wysy\u0142ka kurierem DPD gratis [przelew lub pobranie]<\/p>\n","protected":false},"excerpt":{"rendered":"<p>Oferuj\u0119 Pa\u0144stwu unikatowy, luksusowy dywan Afghan Kazak, r\u0119cznie tkany przez mistrz\u00f3w rzemios\u0142a. Jest to egzemplarz z najwy\u017cszej p\u00f3\u0142ki jako\u015bciowej, co [&hellip;]<\/p>\n","protected":false},"featured_media":1921,"template":"","meta":{"site-sidebar-layout":"default","site-content-layout":"","ast-site-content-layout":"default","site-content-style":"default","site-sidebar-style":"default","ast-global-header-display":"","ast-banner-title-visibility":"","ast-main-header-display":"","ast-hfb-above-header-display":"","ast-hfb-below-header-display":"","ast-hfb-mobile-header-display":"","site-post-title":"","ast-breadcrumbs-content":"","ast-featured-img":"","footer-sml-layout":"","ast-disable-related-posts":"","theme-transparent-header-meta":"default","adv-header-id-meta":"","stick-header-meta":"","header-above-stick-meta":"","header-main-stick-meta":"","header-below-stick-meta":"","astra-migrate-meta-layouts":"set","ast-page-background-enabled":"default","ast-page-background-meta":{"desktop":{"background-color":"var(--ast-global-color-5)","background-image":"","background-repeat":"repeat","background-position":"center center","background-size":"auto","background-attachment":"scroll","background-type":"","background-media":"","overlay-type":"","overlay-color":"","overlay-opacity":"","overlay-gradient":""},"tablet":{"background-color":"","background-image":"","background-repeat":"repeat","background-position":"center center","background-size":"auto","background-attachment":"scroll","background-type":"","background-media":"","overlay-type":"","overlay-color":"","overlay-opacity":"","overlay-gradient":""},"mobile":{"background-color":"","background-image":"","background-repeat":"repeat","background-position":"center center","background-size":"auto","background-attachment":"scroll","background-type":"","background-media":"","overlay-type":"","overlay-color":"","overlay-opacity":"","overlay-gradient":""}},"ast-content-background-meta":{"desktop":{"background-color":"var(--ast-global-color-4)","background-image":"","background-repeat":"repeat","background-position":"center center","background-size":"auto","background-attachment":"scroll","background-type":"","background-media":"","overlay-type":"","overlay-color":"","overlay-opacity":"","overlay-gradient":""},"tablet":{"background-color":"var(--ast-global-color-4)","background-image":"","background-repeat":"repeat","background-position":"center center","background-size":"auto","background-attachment":"scroll","background-type":"","background-media":"","overlay-type":"","overlay-color":"","overlay-opacity":"","overlay-gradient":""},"mobile":{"background-color":"var(--ast-global-color-4)","background-image":"","background-repeat":"repeat","background-position":"center center","background-size":"auto","background-attachment":"scroll","background-type":"","background-media":"","overlay-type":"","overlay-color":"","overlay-opacity":"","overlay-gradient":""}}},"product_brand":[],"product_cat":[18,22],"product_tag":[],"class_list":{"0":"post-1920","1":"product","2":"type-product","3":"status-publish","4":"has-post-thumbnail","6":"product_cat-duze-dywany-salonowe","7":"product_cat-kolekcja-unikatow","8":"desktop-align-left","9":"tablet-align-left","10":"mobile-align-left","12":"first","13":"instock","14":"shipping-taxable","15":"purchasable","16":"product-type-simple"},"_links":{"self":[{"href":"https:\/\/miedzywezlami.pl\/index.php?rest_route=\/wp\/v2\/product\/1920","targetHints":{"allow":["GET"]}}],"collection":[{"href":"https:\/\/miedzywezlami.pl\/index.php?rest_route=\/wp\/v2\/product"}],"about":[{"href":"https:\/\/miedzywezlami.pl\/index.php?rest_route=\/wp\/v2\/types\/product"}],"wp:featuredmedia":[{"embeddable":true,"href":"https:\/\/miedzywezlami.pl\/index.php?rest_route=\/wp\/v2\/media\/1921"}],"wp:attachment":[{"href":"https:\/\/miedzywezlami.pl\/index.php?rest_route=%2Fwp%2Fv2%2Fmedia&parent=1920"}],"wp:term":[{"taxonomy":"product_brand","embeddable":true,"href":"https:\/\/miedzywezlami.pl\/index.php?rest_route=%2Fwp%2Fv2%2Fproduct_brand&post=1920"},{"taxonomy":"product_cat","embeddable":true,"href":"https:\/\/miedzywezlami.pl\/index.php?rest_route=%2Fwp%2Fv2%2Fproduct_cat&post=1920"},{"taxonomy":"product_tag","embeddable":true,"href":"https:\/\/miedzywezlami.pl\/index.php?rest_route=%2Fwp%2Fv2%2Fproduct_tag&post=1920"}],"curies":[{"name":"wp","href":"https:\/\/api.w.org\/{rel}","templated":true}]}}