{"id":90,"date":"2026-03-11T16:02:38","date_gmt":"2026-03-11T16:02:38","guid":{"rendered":"https:\/\/miedzywezlami.pl\/?post_type=product&#038;p=90"},"modified":"2026-03-11T16:02:38","modified_gmt":"2026-03-11T16:02:38","slug":"klasyczny-dywan-welniany-190x120-wzor-keszan-100-welna-004","status":"publish","type":"product","link":"https:\/\/miedzywezlami.pl\/?product=klasyczny-dywan-welniany-190x120-wzor-keszan-100-welna-004","title":{"rendered":"Klasyczny Dywan WE\u0141NIANY 190&#215;120 | Wz\u00f3r Keszan | 100% We\u0142na  #004"},"content":{"rendered":"<p>Na sprzeda\u017c oferuj\u0119 pi\u0119kny, gruby dywan wykonany w 100% z wysokogatunkowej we\u0142ny. Dywan posiada tradycyjny, bogaty wz\u00f3r perski typu Keszan \u2013 z eleganckim medalionem i nasycon\u0105 czerwieni\u0105, kt\u00f3ra ociepli ka\u017cde wn\u0119trze.<\/p>\n<p>Jest mi\u0119sisty, mi\u0119kki i doskonale izoluje od zimnej pod\u0142ogi.<\/p>\n<p>Naturalny sk\u0142ad: 100% we\u0142na (nie myli\u0107 z tanim polipropylenem). We\u0142na jest trwa\u0142a, nie elektryzuje si\u0119 i &#8222;oddycha&#8221;.<br \/>\nKlasyczny design: Ponadczasowy wz\u00f3r, kt\u00f3ry nigdy nie wychodzi z mody.<br \/>\n\u0141atwo\u015b\u0107 w piel\u0119gnacji: Kr\u00f3tkie, g\u0119ste runo u\u0142atwia odkurzanie.<br \/>\nStan: Bardzo dobry, bez plam, dziur czy przykrych zapach\u00f3w.<\/p>\n<p>Specyfikacja:<br \/>\nWymiary: 190 cm x 120 cm, grubo\u015b\u0107 oko\u0142o 15mm<br \/>\nMateria\u0142: 100% We\u0142na<br \/>\nStyl: Perski \/ Keszan \/ Klasyczny<\/p>\n<p>Wysy\u0142ka kurier DPD gratis przelew lub pobranie.<\/p>\n","protected":false},"excerpt":{"rendered":"<p>Na sprzeda\u017c oferuj\u0119 pi\u0119kny, gruby dywan wykonany w 100% z wysokogatunkowej we\u0142ny. Dywan posiada tradycyjny, bogaty wz\u00f3r perski typu Keszan [&hellip;]<\/p>\n","protected":false},"featured_media":91,"template":"","meta":{"site-sidebar-layout":"default","site-content-layout":"","ast-site-content-layout":"default","site-content-style":"default","site-sidebar-style":"default","ast-global-header-display":"","ast-banner-title-visibility":"","ast-main-header-display":"","ast-hfb-above-header-display":"","ast-hfb-below-header-display":"","ast-hfb-mobile-header-display":"","site-post-title":"","ast-breadcrumbs-content":"","ast-featured-img":"","footer-sml-layout":"","ast-disable-related-posts":"","theme-transparent-header-meta":"default","adv-header-id-meta":"","stick-header-meta":"","header-above-stick-meta":"","header-main-stick-meta":"","header-below-stick-meta":"","astra-migrate-meta-layouts":"set","ast-page-background-enabled":"default","ast-page-background-meta":{"desktop":{"background-color":"var(--ast-global-color-5)","background-image":"","background-repeat":"repeat","background-position":"center center","background-size":"auto","background-attachment":"scroll","background-type":"","background-media":"","overlay-type":"","overlay-color":"","overlay-opacity":"","overlay-gradient":""},"tablet":{"background-color":"","background-image":"","background-repeat":"repeat","background-position":"center center","background-size":"auto","background-attachment":"scroll","background-type":"","background-media":"","overlay-type":"","overlay-color":"","overlay-opacity":"","overlay-gradient":""},"mobile":{"background-color":"","background-image":"","background-repeat":"repeat","background-position":"center center","background-size":"auto","background-attachment":"scroll","background-type":"","background-media":"","overlay-type":"","overlay-color":"","overlay-opacity":"","overlay-gradient":""}},"ast-content-background-meta":{"desktop":{"background-color":"var(--ast-global-color-4)","background-image":"","background-repeat":"repeat","background-position":"center center","background-size":"auto","background-attachment":"scroll","background-type":"","background-media":"","overlay-type":"","overlay-color":"","overlay-opacity":"","overlay-gradient":""},"tablet":{"background-color":"var(--ast-global-color-4)","background-image":"","background-repeat":"repeat","background-position":"center center","background-size":"auto","background-attachment":"scroll","background-type":"","background-media":"","overlay-type":"","overlay-color":"","overlay-opacity":"","overlay-gradient":""},"mobile":{"background-color":"var(--ast-global-color-4)","background-image":"","background-repeat":"repeat","background-position":"center center","background-size":"auto","background-attachment":"scroll","background-type":"","background-media":"","overlay-type":"","overlay-color":"","overlay-opacity":"","overlay-gradient":""}}},"product_brand":[],"product_cat":[19],"product_tag":[],"class_list":{"0":"post-90","1":"product","2":"type-product","3":"status-publish","4":"has-post-thumbnail","6":"product_cat-srednie-dywany","7":"desktop-align-left","8":"tablet-align-left","9":"mobile-align-left","11":"first","12":"instock","13":"shipping-taxable","14":"purchasable","15":"product-type-simple"},"_links":{"self":[{"href":"https:\/\/miedzywezlami.pl\/index.php?rest_route=\/wp\/v2\/product\/90","targetHints":{"allow":["GET"]}}],"collection":[{"href":"https:\/\/miedzywezlami.pl\/index.php?rest_route=\/wp\/v2\/product"}],"about":[{"href":"https:\/\/miedzywezlami.pl\/index.php?rest_route=\/wp\/v2\/types\/product"}],"wp:featuredmedia":[{"embeddable":true,"href":"https:\/\/miedzywezlami.pl\/index.php?rest_route=\/wp\/v2\/media\/91"}],"wp:attachment":[{"href":"https:\/\/miedzywezlami.pl\/index.php?rest_route=%2Fwp%2Fv2%2Fmedia&parent=90"}],"wp:term":[{"taxonomy":"product_brand","embeddable":true,"href":"https:\/\/miedzywezlami.pl\/index.php?rest_route=%2Fwp%2Fv2%2Fproduct_brand&post=90"},{"taxonomy":"product_cat","embeddable":true,"href":"https:\/\/miedzywezlami.pl\/index.php?rest_route=%2Fwp%2Fv2%2Fproduct_cat&post=90"},{"taxonomy":"product_tag","embeddable":true,"href":"https:\/\/miedzywezlami.pl\/index.php?rest_route=%2Fwp%2Fv2%2Fproduct_tag&post=90"}],"curies":[{"name":"wp","href":"https:\/\/api.w.org\/{rel}","templated":true}]}}